{"id":14468,"date":"2014-03-28T10:11:36","date_gmt":"2014-03-28T10:11:36","guid":{"rendered":"http:\/\/demo.qodeinteractive.com\/bridge\/?page_id=14468"},"modified":"2022-06-08T22:45:01","modified_gmt":"2022-06-08T22:45:01","slug":"home","status":"publish","type":"page","link":"https:\/\/gardenmex.com.mx\/","title":{"rendered":"Home 1"},"content":{"rendered":"<p>[vc_row css_animation=\u00bb\u00bb row_type=\u00bbrow\u00bb use_row_as_full_screen_section=\u00bbno\u00bb type=\u00bbfull_width\u00bb angled_section=\u00bbno\u00bb text_align=\u00bbleft\u00bb background_image_as_pattern=\u00bbwithout_pattern\u00bb anchor=\u00bbsomos\u00bb z_index=\u00bb\u00bb][vc_column width=\u00bb1\/2&#8243;][vc_single_image image=\u00bb14877&#8243; img_size=\u00bbfull\u00bb alignment=\u00bbcenter\u00bb qode_css_animation=\u00bbelement_from_left\u00bb][\/vc_column][vc_column width=\u00bb1\/2&#8243;][qode_elements_holder number_of_columns=\u00bbone_column\u00bb][qode_elements_holder_item advanced_animations=\u00bbno\u00bb item_padding=\u00bb0 80px 0 80px\u00bb][vc_empty_space height=\u00bb120 px\u00bb][vc_single_image image=\u00bb14875&#8243; img_size=\u00bb80 px\u00bb qode_css_animation=\u00bb\u00bb][vc_empty_space height=\u00bb25 px\u00bb][vc_column_text]<\/p>\n<h1>NOSOTROS<\/h1>\n<p>[\/vc_column_text][vc_empty_space height=\u00bb25 px\u00bb][vc_column_text]<\/p>\n<p>Somos una empresa mexicana, comprometida con el planeta, apasionada por la creaci\u00f3n y recuperaci\u00f3n de espacios verdes, de la mano de productos innovadores que beneficien al medio ambiente y a mejorar la calidad de vida de las personas.<\/p>\n<p>[\/vc_column_text][vc_empty_space height=\u00bb25 px\u00bb][vc_column_text]Contamos con un equipo experimentado en diferentes disciplinas, capaz de dise\u00f1ar y crear proyectos de alto impacto a la sociedad, la tierra y el entorno, con ayuda de tecnolog\u00edas de vanguardia, elementos arquitect\u00f3nicos y una gran pasi\u00f3n por lo que hacemos.[\/vc_column_text][vc_empty_space height=\u00bb60 px\u00bb][\/qode_elements_holder_item][\/qode_elements_holder][\/vc_column][\/vc_row][vc_row css_animation=\u00bb\u00bb row_type=\u00bbrow\u00bb use_row_as_full_screen_section=\u00bbyes\u00bb type=\u00bbfull_width\u00bb angled_section=\u00bbno\u00bb text_align=\u00bbcenter\u00bb background_image_as_pattern=\u00bbwithout_pattern\u00bb background_image=\u00bb14879&#8243; z_index=\u00bb\u00bb][vc_column][qode_elements_holder number_of_columns=\u00bbone_column\u00bb][qode_elements_holder_item advanced_animations=\u00bbno\u00bb item_padding=\u00bb0 80px 0 80px\u00bb][vc_empty_space height=\u00bb200 px\u00bb][vc_column_text]<\/p>\n<h1><span style=\"color: #ffffff;\">ESPECIALISTAS EN SERVICIOS DE JARDINER\u00cdA<\/span><\/h1>\n<p>[\/vc_column_text][vc_empty_space height=\u00bb50 px\u00bb][vc_row_inner row_type=\u00bbrow\u00bb type=\u00bbfull_width\u00bb text_align=\u00bbleft\u00bb css_animation=\u00bb\u00bb][vc_column_inner width=\u00bb1\/4&#8243;][vc_single_image image=\u00bb14875&#8243; img_size=\u00bb80 px\u00bb alignment=\u00bbcenter\u00bb qode_css_animation=\u00bb\u00bb][vc_empty_space height=\u00bb25px\u00bb][vc_column_text]<\/p>\n<p style=\"text-align: center;\"><span style=\"color: #ffffff;\"><strong>ARQUITECTURA DEL PAISAJE Y JARDINER\u00cdA<\/strong><\/span><\/p>\n<p>[\/vc_column_text][vc_empty_space height=\u00bb25px\u00bb][\/vc_column_inner][vc_column_inner width=\u00bb1\/4&#8243;][vc_single_image image=\u00bb14917&#8243; img_size=\u00bb80 px\u00bb alignment=\u00bbcenter\u00bb qode_css_animation=\u00bb\u00bb][vc_empty_space height=\u00bb25px\u00bb][vc_column_text]<\/p>\n<p style=\"text-align: center;\"><span style=\"color: #ffffff;\"><strong>MUROS Y AZOTEAS VERDES<\/strong><\/span><\/p>\n<p>[\/vc_column_text][vc_empty_space height=\u00bb25px\u00bb][\/vc_column_inner][vc_column_inner width=\u00bb1\/4&#8243;][vc_single_image image=\u00bb14915&#8243; img_size=\u00bb80 px\u00bb alignment=\u00bbcenter\u00bb qode_css_animation=\u00bb\u00bb][vc_empty_space height=\u00bb25px\u00bb][vc_column_text]<\/p>\n<p style=\"text-align: center;\"><span style=\"color: #ffffff;\"><strong>SISTEMAS DE RIEGO<\/strong><\/span><\/p>\n<p>[\/vc_column_text][vc_empty_space height=\u00bb25px\u00bb][\/vc_column_inner][vc_column_inner width=\u00bb1\/4&#8243;][vc_single_image image=\u00bb14914&#8243; img_size=\u00bb80 px\u00bb alignment=\u00bbcenter\u00bb qode_css_animation=\u00bb\u00bb][vc_empty_space height=\u00bb25px\u00bb][vc_column_text]<\/p>\n<p style=\"text-align: center;\"><strong><span style=\"color: #ffffff;\">MANTENIMIENTO DE \u00c1REAS VERDES<\/span><\/strong><\/p>\n<p>[\/vc_column_text][vc_empty_space height=\u00bb25px\u00bb][\/vc_column_inner][\/vc_row_inner][\/qode_elements_holder_item][\/qode_elements_holder][vc_empty_space height=\u00bb200 px\u00bb][\/vc_column][\/vc_row][vc_row css_animation=\u00bb\u00bb row_type=\u00bbrow\u00bb use_row_as_full_screen_section=\u00bbno\u00bb type=\u00bbfull_width\u00bb angled_section=\u00bbno\u00bb text_align=\u00bbleft\u00bb background_image_as_pattern=\u00bbwithout_pattern\u00bb][vc_column][vc_empty_space height=\u00bb120px\u00bb][vc_row_inner row_type=\u00bbrow\u00bb type=\u00bbfull_width\u00bb text_align=\u00bbleft\u00bb css_animation=\u00bb\u00bb anchor=\u00bbservicios\u00bb][vc_column_inner width=\u00bb1\/2&#8243;][vc_gallery interval=\u00bb3&#8243; images=\u00bb14935,14936,14937&#8243; img_size=\u00bb800 X 800&#8243; control_nav=\u00bbno\u00bb][\/vc_column_inner][vc_column_inner width=\u00bb1\/2&#8243;][qode_elements_holder number_of_columns=\u00bbone_column\u00bb][qode_elements_holder_item advanced_animations=\u00bbno\u00bb item_padding=\u00bb0 80px 0 80px\u00bb][vc_single_image image=\u00bb14875&#8243; img_size=\u00bb80 px\u00bb qode_css_animation=\u00bb\u00bb][vc_empty_space height=\u00bb25px\u00bb][vc_column_text]<\/p>\n<h1 style=\"text-align: left;\">SERVICIOS<\/h1>\n<p>[\/vc_column_text][vc_empty_space height=\u00bb25px\u00bb]<div class=\"qode-accordion-holder clearfix qode-toggle qode-initial \">\n\t<h2 class=\"clearfix qode-title-holder\">\n<span class=\"qode-tab-title\">\n\t    <span class=\"qode-tab-title-inner\">\n        Jardines Verticales    <\/span>\n<\/span>\n<span class=\"qode-accordion-mark\">\n    <span class=\"qode-accordion-mark-icon\">\n        <span class=\"icon_plus\"><\/span>\n        <span class=\"icon_minus-06\"><\/span>\n    <\/span>\n<\/span>\n<\/h2>\n<div  class=\"qode-accordion-content \" >\n    <div class=\"qode-accordion-content-inner\">\n        [vc_column_text]Gardenmex cuenta con la patente internacional por parte de Paisajismo Urbano gracias a nuestro trabajo de investigaci\u00f3n y capacitaci\u00f3n en los diferentes sistemas de naturaci\u00f3n de paredes.[\/vc_column_text]    <\/div>\n<\/div><\/div>[vc_separator type=\u00bbnormal\u00bb color=\u00bb#999999&#8243;]<div class=\"qode-accordion-holder clearfix qode-toggle qode-initial \">\n\t<h2 class=\"clearfix qode-title-holder\">\n<span class=\"qode-tab-title\">\n\t    <span class=\"qode-tab-title-inner\">\n        Azoteas Verdes    <\/span>\n<\/span>\n<span class=\"qode-accordion-mark\">\n    <span class=\"qode-accordion-mark-icon\">\n        <span class=\"icon_plus\"><\/span>\n        <span class=\"icon_minus-06\"><\/span>\n    <\/span>\n<\/span>\n<\/h2>\n<div  class=\"qode-accordion-content \" >\n    <div class=\"qode-accordion-content-inner\">\n        [vc_column_text]Se han popularizado en ciudades pues aportan diversos bene\ufb01cios como mejorar la calidad del aire, impermeabilizante, regulaci\u00f3n de temperatura y contraresto de la contaminaci\u00f3n, entre otros.[\/vc_column_text]    <\/div>\n<\/div><\/div>[vc_separator type=\u00bbnormal\u00bb color=\u00bb#999999&#8243;]<div class=\"qode-accordion-holder clearfix qode-toggle qode-initial \">\n\t<h2 class=\"clearfix qode-title-holder\">\n<span class=\"qode-tab-title\">\n\t    <span class=\"qode-tab-title-inner\">\n        Paisajismo    <\/span>\n<\/span>\n<span class=\"qode-accordion-mark\">\n    <span class=\"qode-accordion-mark-icon\">\n        <span class=\"icon_plus\"><\/span>\n        <span class=\"icon_minus-06\"><\/span>\n    <\/span>\n<\/span>\n<\/h2>\n<div  class=\"qode-accordion-content \" >\n    <div class=\"qode-accordion-content-inner\">\n        [vc_column_text]Dise\u00f1o de proyectos de jardiner\u00eda bajo el concepto de jardines sustentables, utilizando plantas adecuadas a la zona, aprovechando los recursos de lugar y maximizando las oportunidades de realizar un ecosistema equilibrado.[\/vc_column_text]    <\/div>\n<\/div><\/div>[vc_separator type=\u00bbnormal\u00bb color=\u00bb#999999&#8243;]<div class=\"qode-accordion-holder clearfix qode-toggle qode-initial \">\n\t<h2 class=\"clearfix qode-title-holder\">\n<span class=\"qode-tab-title\">\n\t    <span class=\"qode-tab-title-inner\">\n        Mantenimiento    <\/span>\n<\/span>\n<span class=\"qode-accordion-mark\">\n    <span class=\"qode-accordion-mark-icon\">\n        <span class=\"icon_plus\"><\/span>\n        <span class=\"icon_minus-06\"><\/span>\n    <\/span>\n<\/span>\n<\/h2>\n<div  class=\"qode-accordion-content \" >\n    <div class=\"qode-accordion-content-inner\">\n        [vc_column_text]- Preventivo y correctivo de \u00e1reas verdes<br \/>\n&#8211; Jardines verticales<br \/>\n&#8211; Jardines tradicionales<br \/>\n&#8211; Sistemas de riego<br \/>\n&#8211; Azoteas verdes<br \/>\n&#8211; Corporativo<br \/>\n&#8211; Sector p\u00fablico<br \/>\n&#8211; Residencial[\/vc_column_text]    <\/div>\n<\/div><\/div>[\/qode_elements_holder_item][\/qode_elements_holder][\/vc_column_inner][\/vc_row_inner][vc_row_inner row_type=\u00bbrow\u00bb type=\u00bbfull_width\u00bb text_align=\u00bbleft\u00bb css_animation=\u00bb\u00bb anchor=\u00bbproductos\u00bb][vc_column_inner width=\u00bb1\/2&#8243; css=\u00bb.vc_custom_1654705285908{background-color: #277150 !important;}\u00bb][qode_elements_holder number_of_columns=\u00bbone_column\u00bb][qode_elements_holder_item advanced_animations=\u00bbno\u00bb item_padding=\u00bb140px 80px 140px 80px\u00bb][vc_single_image image=\u00bb14911&#8243; img_size=\u00bb80 px\u00bb qode_css_animation=\u00bb\u00bb][vc_empty_space height=\u00bb25px\u00bb][vc_column_text]<\/p>\n<h1><span style=\"color: #ffffff;\">PRODUCTOS<\/span><\/h1>\n<p>[\/vc_column_text][vc_empty_space height=\u00bb25px\u00bb][vc_column_text]<span style=\"color: #ffffff;\">&#8211; Deck WPC<\/span><br \/>\n<span style=\"color: #ffffff;\">&#8211; Jardineras<\/span><br \/>\n<span style=\"color: #ffffff;\">&#8211; Soluciones Arquitect\u00f3nicas<\/span><br \/>\n<span style=\"color: #ffffff;\">&#8211; Macetas corporativas y residenciales<\/span><br \/>\n<span style=\"color: #ffffff;\">&#8211; Sistemas de riego<\/span><br \/>\n<span style=\"color: #ffffff;\">&#8211; Plantas ornamentales<\/span><br \/>\n<span style=\"color: #ffffff;\">&#8211; Abono Org\u00e1nico<\/span><br \/>\n<span style=\"color: #ffffff;\">&#8211; Cuadros vivos<\/span>[\/vc_column_text][\/qode_elements_holder_item][\/qode_elements_holder][\/vc_column_inner][vc_column_inner width=\u00bb1\/2&#8243;][vc_gallery interval=\u00bb3&#8243; images=\u00bb14932,14933,14934&#8243; img_size=\u00bb800 X 800&#8243;][\/vc_column_inner][\/vc_row_inner][\/vc_column][\/vc_row][vc_row css_animation=\u00bb\u00bb row_type=\u00bbrow\u00bb use_row_as_full_screen_section=\u00bbno\u00bb type=\u00bbfull_width\u00bb angled_section=\u00bbno\u00bb text_align=\u00bbleft\u00bb background_image_as_pattern=\u00bbwithout_pattern\u00bb padding_top=\u00bb52&#8243; z_index=\u00bb\u00bb anchor=\u00bbgaleria\u00bb][vc_column][vc_empty_space height=\u00bb60 px\u00bb][qode_elements_holder number_of_columns=\u00bbone_column\u00bb][qode_elements_holder_item advanced_animations=\u00bbno\u00bb item_padding=\u00bb0 80px 0 80px\u00bb][vc_single_image image=\u00bb14875&#8243; img_size=\u00bb80 px\u00bb alignment=\u00bbcenter\u00bb qode_css_animation=\u00bb\u00bb][vc_empty_space height=\u00bb25 px\u00bb][vc_column_text]<\/p>\n<h1 style=\"text-align: center;\">Galer\u00eda<\/h1>\n<p>[\/vc_column_text][vc_empty_space height=\u00bb25 px\u00bb][vc_row_inner row_type=\u00bbrow\u00bb type=\u00bbfull_width\u00bb text_align=\u00bbleft\u00bb css_animation=\u00bb\u00bb][vc_column_inner width=\u00bb1\/3&#8243;][vc_single_image image=\u00bb14920&#8243; img_size=\u00bbfull\u00bb qode_css_animation=\u00bbelement_from_top\u00bb][\/vc_column_inner][vc_column_inner width=\u00bb1\/3&#8243;][vc_single_image image=\u00bb14922&#8243; img_size=\u00bbfull\u00bb qode_css_animation=\u00bbelement_from_top\u00bb][\/vc_column_inner][vc_column_inner width=\u00bb1\/3&#8243;][vc_single_image image=\u00bb14923&#8243; img_size=\u00bbfull\u00bb qode_css_animation=\u00bbelement_from_top\u00bb][\/vc_column_inner][\/vc_row_inner][vc_empty_space height=\u00bb30 px\u00bb][vc_row_inner row_type=\u00bbrow\u00bb type=\u00bbfull_width\u00bb text_align=\u00bbleft\u00bb css_animation=\u00bb\u00bb][vc_column_inner width=\u00bb1\/3&#8243;][vc_single_image image=\u00bb14924&#8243; img_size=\u00bbfull\u00bb qode_css_animation=\u00bbelement_from_top\u00bb][\/vc_column_inner][vc_column_inner width=\u00bb1\/3&#8243;][vc_single_image image=\u00bb14925&#8243; img_size=\u00bbfull\u00bb qode_css_animation=\u00bbelement_from_top\u00bb][\/vc_column_inner][vc_column_inner width=\u00bb1\/3&#8243;][vc_single_image image=\u00bb14926&#8243; img_size=\u00bbfull\u00bb qode_css_animation=\u00bbelement_from_top\u00bb][\/vc_column_inner][\/vc_row_inner][vc_empty_space height=\u00bb30 px\u00bb][vc_row_inner row_type=\u00bbrow\u00bb type=\u00bbfull_width\u00bb text_align=\u00bbleft\u00bb css_animation=\u00bb\u00bb][vc_column_inner width=\u00bb1\/3&#8243;][vc_single_image image=\u00bb14927&#8243; img_size=\u00bbfull\u00bb qode_css_animation=\u00bbelement_from_top\u00bb][\/vc_column_inner][vc_column_inner width=\u00bb1\/3&#8243;][vc_single_image image=\u00bb14928&#8243; img_size=\u00bbfull\u00bb qode_css_animation=\u00bbelement_from_top\u00bb][\/vc_column_inner][vc_column_inner width=\u00bb1\/3&#8243;][vc_single_image image=\u00bb14929&#8243; img_size=\u00bbfull\u00bb qode_css_animation=\u00bbelement_from_top\u00bb][\/vc_column_inner][\/vc_row_inner][vc_empty_space height=\u00bb120 px\u00bb][\/qode_elements_holder_item][\/qode_elements_holder][\/vc_column][\/vc_row][vc_row css_animation=\u00bb\u00bb row_type=\u00bbrow\u00bb use_row_as_full_screen_section=\u00bbno\u00bb type=\u00bbfull_width\u00bb angled_section=\u00bbno\u00bb text_align=\u00bbleft\u00bb background_image_as_pattern=\u00bbwithout_pattern\u00bb z_index=\u00bb\u00bb anchor=\u00bbcontacto\u00bb][vc_column][qode_elements_holder number_of_columns=\u00bbone_column\u00bb][qode_elements_holder_item advanced_animations=\u00bbno\u00bb item_padding=\u00bb0 80px 0 80px\u00bb][vc_empty_space height=\u00bb120 px\u00bb][vc_single_image image=\u00bb14875&#8243; img_size=\u00bb80 px\u00bb alignment=\u00bbcenter\u00bb qode_css_animation=\u00bb\u00bb][vc_column_text]<\/p>\n<h1 style=\"text-align: center;\">CONTACTO<\/h1>\n<p>[\/vc_column_text][vc_empty_space height=\u00bb25 px\u00bb][vc_row_inner row_type=\u00bbrow\u00bb type=\u00bbfull_width\u00bb text_align=\u00bbleft\u00bb css_animation=\u00bb\u00bb][vc_column_inner width=\u00bb1\/2&#8243;][vc_empty_space height=\u00bb120 px\u00bb][vc_column_text]<\/p>\n<h2>Para informes y ventas cont\u00e1ctanos en:<\/h2>\n<p>[\/vc_column_text][vc_empty_space height=\u00bb25 px\u00bb][vc_column_text]<strong><span style=\"color: #008000;\">TEL\u00c9FONOS<\/span><\/strong><br \/>\nQro: 442 749 08 91<br \/>\nCDMX: 556 349 5748<\/p>\n<p><strong><span style=\"color: #008000;\">EMAIL<\/span><\/strong><br \/>\ninfo@gardenmex.com[\/vc_column_text][vc_empty_space height=\u00bb120 px\u00bb][\/vc_column_inner][vc_column_inner width=\u00bb1\/2&#8243;]\n<div class=\"wpcf7 no-js\" id=\"wpcf7-f14906-o1\" lang=\"es-ES\" dir=\"ltr\">\n<div class=\"screen-reader-response\"><p role=\"status\" aria-live=\"polite\" aria-atomic=\"true\"><\/p> <ul><\/ul><\/div>\n<form action=\"\/index.php\/wp-json\/wp\/v2\/pages\/14468#wpcf7-f14906-o1\" method=\"post\" class=\"wpcf7-form init default\" aria-label=\"Formulario de contacto\" novalidate=\"novalidate\" data-status=\"init\">\n<div style=\"display: none;\">\n<input type=\"hidden\" name=\"_wpcf7\" value=\"14906\" \/>\n<input type=\"hidden\" name=\"_wpcf7_version\" value=\"5.9.8\" \/>\n<input type=\"hidden\" name=\"_wpcf7_locale\" value=\"es_ES\" \/>\n<input type=\"hidden\" name=\"_wpcf7_unit_tag\" value=\"wpcf7-f14906-o1\" \/>\n<input type=\"hidden\" name=\"_wpcf7_container_post\" value=\"0\" \/>\n<input type=\"hidden\" name=\"_wpcf7_posted_data_hash\" value=\"\" \/>\n<\/div>\n<p><label> Tu nombre<br \/>\n<span class=\"wpcf7-form-control-wrap\" data-name=\"your-name\"><input size=\"40\" maxlength=\"400\" class=\"wpcf7-form-control wpcf7-text wpcf7-validates-as-required\" aria-required=\"true\" aria-invalid=\"false\" value=\"\" type=\"text\" name=\"your-name\" \/><\/span> <\/label>\n<\/p>\n<p><label> Tu correo electr\u00f3nico<br \/>\n<span class=\"wpcf7-form-control-wrap\" data-name=\"your-email\"><input size=\"40\" maxlength=\"400\" class=\"wpcf7-form-control wpcf7-email wpcf7-validates-as-required wpcf7-text wpcf7-validates-as-email\" aria-required=\"true\" aria-invalid=\"false\" value=\"\" type=\"email\" name=\"your-email\" \/><\/span> <\/label>\n<\/p>\n<p><label> Tu mensaje (opcional)<br \/>\n<span class=\"wpcf7-form-control-wrap\" data-name=\"your-message\"><textarea cols=\"40\" rows=\"10\" maxlength=\"2000\" class=\"wpcf7-form-control wpcf7-textarea\" aria-invalid=\"false\" name=\"your-message\"><\/textarea><\/span> <\/label>\n<\/p>\n<p><input class=\"wpcf7-form-control wpcf7-submit has-spinner\" type=\"submit\" value=\"Enviar\" \/>\n<\/p><div class=\"wpcf7-response-output\" aria-hidden=\"true\"><\/div>\n<\/form>\n<\/div>\n[\/vc_column_inner][\/vc_row_inner][\/qode_elements_holder_item][\/qode_elements_holder][\/vc_column][\/vc_row]<\/p>\n","protected":false},"excerpt":{"rendered":"<p>[vc_row css_animation=\u00bb\u00bb row_type=\u00bbrow\u00bb use_row_as_full_screen_section=\u00bbno\u00bb type=\u00bbfull_width\u00bb angled_section=\u00bbno\u00bb text_align=\u00bbleft\u00bb background_image_as_pattern=\u00bbwithout_pattern\u00bb anchor=\u00bbsomos\u00bb z_index=\u00bb\u00bb][vc_column width=\u00bb1\/2&#8243;][vc_single_image image=\u00bb14877&#8243; img_size=\u00bbfull\u00bb alignment=\u00bbcenter\u00bb qode_css_animation=\u00bbelement_from_left\u00bb][\/vc_column][vc_column width=\u00bb1\/2&#8243;][qode_elements_holder number_of_columns=\u00bbone_column\u00bb][qode_elements_holder_item advanced_animations=\u00bbno\u00bb item_padding=\u00bb0 80px 0 80px\u00bb][vc_empty_space height=\u00bb120 px\u00bb][vc_single_image image=\u00bb14875&#8243; img_size=\u00bb80 px\u00bb qode_css_animation=\u00bb\u00bb][vc_empty_space height=\u00bb25 px\u00bb][vc_column_text] NOSOTROS [\/vc_column_text][vc_empty_space height=\u00bb25 px\u00bb][vc_column_text] Somos una empresa mexicana, comprometida con el planeta, apasionada por la&#8230;<\/p>\n","protected":false},"author":1,"featured_media":0,"parent":0,"menu_order":0,"comment_status":"open","ping_status":"closed","template":"full_width.php","meta":{"footnotes":""},"class_list":["post-14468","page","type-page","status-publish","hentry"],"_links":{"self":[{"href":"https:\/\/gardenmex.com.mx\/index.php\/wp-json\/wp\/v2\/pages\/14468","targetHints":{"allow":["GET"]}}],"collection":[{"href":"https:\/\/gardenmex.com.mx\/index.php\/wp-json\/wp\/v2\/pages"}],"about":[{"href":"https:\/\/gardenmex.com.mx\/index.php\/wp-json\/wp\/v2\/types\/page"}],"author":[{"embeddable":true,"href":"https:\/\/gardenmex.com.mx\/index.php\/wp-json\/wp\/v2\/users\/1"}],"replies":[{"embeddable":true,"href":"https:\/\/gardenmex.com.mx\/index.php\/wp-json\/wp\/v2\/comments?post=14468"}],"version-history":[{"count":46,"href":"https:\/\/gardenmex.com.mx\/index.php\/wp-json\/wp\/v2\/pages\/14468\/revisions"}],"predecessor-version":[{"id":14970,"href":"https:\/\/gardenmex.com.mx\/index.php\/wp-json\/wp\/v2\/pages\/14468\/revisions\/14970"}],"wp:attachment":[{"href":"https:\/\/gardenmex.com.mx\/index.php\/wp-json\/wp\/v2\/media?parent=14468"}],"curies":[{"name":"wp","href":"https:\/\/api.w.org\/{rel}","templated":true}]}}